{"id":2509,"date":"2026-03-09T22:59:21","date_gmt":"2026-03-09T21:59:21","guid":{"rendered":"https:\/\/rfnutrition-dogs.eu\/?post_type=product&#038;p=1979"},"modified":"2026-04-01T16:34:55","modified_gmt":"2026-04-01T14:34:55","slug":"elastin-ayurvedic-joint-dogs","status":"publish","type":"product","link":"https:\/\/rfnutrition.eu\/de\/produkt\/elastin-ayurvedic-joint-dogs\/","title":{"rendered":"Elastin - Gelenkerg\u00e4nzung f\u00fcr Hunde"},"content":{"rendered":"<div class=\"product-description\">\n<h1><b>Elastin - Nat\u00fcrliche ayurvedische Unterst\u00fctzung f\u00fcr Gelenke und Beweglichkeit bei Hunden<\/b><\/h1>\n<p>Elastin is a premium <strong data-start=\"800\" data-end=\"839\">Ayurvedic joint supplement for dogs<\/strong>, crafted to support mobility, joint health, and long-term comfort.<\/p>\n<h2>Why Choose an Ayurvedic Joint Supplement for Dogs?<\/h2>\n<p><span style=\"font-weight: 400;\">As dogs age, joint stiffness, inflammation, and discomfort can limit their mobility and affect quality of life. Elastin is a perfect\u00a0 joint mobility supplement for aging dogs. It is a non-toxic alternative to conventional joint care supplements by combining Ayurvedic wisdom with modern science.<\/span><\/p>\n<h3><b>Natural joint support for dogs works by:<\/b><\/h3>\n<ul>\n<li style=\"font-weight: 400;\"><span style=\"font-weight: 400;\">Verringerung von Entz\u00fcndungen in Gelenken, B\u00e4ndern und Bindegeweben<\/span><\/li>\n<li style=\"font-weight: 400;\"><span style=\"font-weight: 400;\">Unterst\u00fctzung der Knorpelgesundheit und Verlangsamung der Degeneration<\/span><\/li>\n<li style=\"font-weight: 400;\"><span style=\"font-weight: 400;\">Verbesserung der Flexibilit\u00e4t und Mobilit\u00e4t f\u00fcr aktive, komfortable Bewegung<\/span><\/li>\n<li style=\"font-weight: 400;\"><span style=\"font-weight: 400;\">Linderung von Steifheit und Unbehagen bei \u00e4lteren Hunden<\/span><\/li>\n<li style=\"font-weight: 400;\"><span style=\"font-weight: 400;\">St\u00e4rkung der Immunit\u00e4t und der Widerstandsf\u00e4higkeit, damit Hunde vital und gesund bleiben<\/span><\/li>\n<\/ul>\n<h2><b>Wichtige ayurvedische Kr\u00e4uter in Elastin<\/b><\/h2>\n<p><b>Vitex negundo <\/b><span style=\"font-weight: 400;\">- Bekannt f\u00fcr seine entz\u00fcndungshemmenden Eigenschaften, unterst\u00fctzt die Gesundheit der Gelenke und B\u00e4nder.<\/span><\/p>\n<p><b>Kurkuma longa (Gelbwurz)<\/b><span style=\"font-weight: 400;\"> - Wirkt stark entz\u00fcndungshemmend, reduziert Gelenkschmerzen und Steifheit.<\/span><\/p>\n<p><b>Withania somnifera (Ashwagandha)<\/b><span style=\"font-weight: 400;\"> - Ein Adaptogen, das Stress abbaut und die Kraft unterst\u00fctzt.<\/span><\/p>\n<p><b>Boswellia serrata (Indischer Weihrauch)<\/b><span style=\"font-weight: 400;\"> - Unterst\u00fctzt die Gesundheit der Knorpel und reduziert Entz\u00fcndungen.<\/span><\/p>\n<p><b>Zingiber officinale (Ingwerwurzel) <\/b><span style=\"font-weight: 400;\">- Verbessert die Durchblutung, die Verdauung und den Gelenkkomfort.<\/span><\/p>\n<p><b>Glycyrrhiza glabra (S\u00fc\u00dfholzwurzel)<\/b><span style=\"font-weight: 400;\"> - Entz\u00fcndungshemmend und lindernd f\u00fcr das Gewebe.<\/span><\/p>\n<p><b>Tinospora cordifolia (Guduchi)<\/b><span style=\"font-weight: 400;\"> - St\u00e4rkt die Immunit\u00e4t und unterst\u00fctzt die Widerstandsf\u00e4higkeit.<\/span><\/p>\n<p><b>Phyllanthus emblica (Amla)<\/b><span style=\"font-weight: 400;\"> - Reich an Vitamin C und Antioxidantien, unterst\u00fctzt die Gewebereparatur.<\/span><\/p>\n<p><b>Trigonella foenum-graecum (Bockshornklee)<\/b><span style=\"font-weight: 400;\"> - Unterst\u00fctzt die Flexibilit\u00e4t der Gelenke und das metabolische Gleichgewicht.<\/span><\/p>\n<h2><b>Vorteile von Elastin<\/b><\/h2>\n<ul>\n<li style=\"font-weight: 400;\"><span style=\"font-weight: 400;\">Nat\u00fcrliche Linderung von Gelenksteifheit und -beschwerden<\/span><\/li>\n<li style=\"font-weight: 400;\"><span style=\"font-weight: 400;\">F\u00f6rdert gesunde Gelenke, Knorpel und B\u00e4nder<\/span><\/li>\n<li style=\"font-weight: 400;\"><span style=\"font-weight: 400;\">Verbessert Mobilit\u00e4t, Flexibilit\u00e4t und Komfort<\/span><\/li>\n<li style=\"font-weight: 400;\"><span style=\"font-weight: 400;\">Unterst\u00fctzt einen aktiven Lebensstil bei Hunden jeden Alters<\/span><\/li>\n<li>Natural joint support for dogs<\/li>\n<li style=\"font-weight: 400;\"><span style=\"font-weight: 400;\">Verbessert die Lebensqualit\u00e4t f\u00fcr \u00e4ltere Hunde<\/span><\/li>\n<li style=\"font-weight: 400;\"><span style=\"font-weight: 400;\">100% nat\u00fcrliches ayurvedisches Erg\u00e4nzungsmittel - keine F\u00fcllstoffe, keine Konservierungsmittel<\/span><\/li>\n<\/ul>\n<p><b>Elastin<\/b><span style=\"font-weight: 400;\"> is ideal for dogs experiencing stiffness, reduced mobility, or age-related joint discomfort. Whether young, active, or senior, your dog can benefit from this natural Ayurvedic natural joint support to maintain comfort, flexibility, and vitality throughout life.<\/span><\/p>\n<p><strong>M\u00f6chten Sie mehr \u00fcber die in unseren Nahrungserg\u00e4nzungsmitteln verwendeten ayurvedischen Kr\u00e4uter erfahren?<\/strong> Lesen Sie unser <a class=\"decorated-link cursor-pointer\" href=\"https:\/\/rfnutrition.eu\/de\/the-best-ayurvedic-herbs-for-dogs-complete-guide\/?v=3e7e122bf08f\" rel=\"noopener\" data-start=\"518\" data-end=\"577\"><strong data-start=\"519\" data-end=\"565\">Vollst\u00e4ndiger Leitfaden zu ayurvedischen Kr\u00e4utern f\u00fcr Hunde<\/strong><\/a> f\u00fcr einen vollst\u00e4ndigen \u00dcberblick \u00fcber ihre Vorteile.<\/p>\n<p class=\"p1\"><b>Erfahren Sie mehr \u00fcber unsere Philosophie und warum Tierhalter weltweit uns vertrauen<\/b>: <a href=\"https:\/\/rfnutrition.eu\/de\/ayurveda-and-dogs-why-choose-ron-fields-nutrition-supplements\/?v=3e7e122bf08f\"><strong>Ayurveda und Hunde: Warum Ron Fields Nahrungserg\u00e4nzungsmittel w\u00e4hlen<\/strong><\/a><\/p>\n<\/div>","protected":false},"excerpt":{"rendered":"<p>Elastin ist ein nat\u00fcrliches ayurvedisches Erg\u00e4nzungsfuttermittel f\u00fcr Hunde zur Unterst\u00fctzung der Gelenke. Reduziert Steifheit, unterst\u00fctzt den Knorpel, verbessert die Mobilit\u00e4t und erh\u00f6ht die Lebensqualit\u00e4t.<\/p>","protected":false},"featured_media":2965,"template":"","meta":{"_acf_changed":false,"bwfblock_default_font":""},"product_brand":[121],"product_cat":[140],"product_tag":[128,129,127],"class_list":{"0":"post-2509","1":"product","2":"type-product","3":"status-publish","4":"has-post-thumbnail","6":"product_brand-dogs","7":"product_cat-dogs","8":"product_tag-amla-phyllanthus-emblica","9":"product_tag-ginger-zingiber-officinale","10":"product_tag-tinospora-cordifolia","11":"_wholesalex wsx-wholesalex-product","13":"first","14":"instock","15":"taxable","16":"shipping-taxable","17":"purchasable","18":"product-type-simple"},"acf":[],"yoast_head":"<!-- This site is optimized with the Yoast SEO plugin v27.1.1 - https:\/\/yoast.com\/product\/yoast-seo-wordpress\/ -->\n<title>Elastin \u2013 Joint Supplement for Dogs - Ron Fields Nutrition<\/title>\n<meta name=\"description\" content=\"Elastin is a natural Ayurvedic joint supplement for dogs. Supports mobility, reduces stiffness, and promotes healthy joints, ligaments, and cartilage.\" \/>\n<meta name=\"robots\" content=\"noindex, follow, max-snippet:-1, max-image-preview:large, max-video-preview:-1\" \/>\n<meta property=\"og:locale\" content=\"de_DE\" \/>\n<meta property=\"og:type\" content=\"article\" \/>\n<meta property=\"og:title\" content=\"Elastin \u2013 Joint Supplement for Dogs - Ron Fields Nutrition\" \/>\n<meta property=\"og:description\" content=\"Elastin is a natural Ayurvedic joint supplement for dogs. Supports mobility, reduces stiffness, and promotes healthy joints, ligaments, and cartilage.\" \/>\n<meta property=\"og:url\" content=\"https:\/\/rfnutrition.eu\/de\/produkt\/elastin-ayurvedic-joint-dogs\/\" \/>\n<meta property=\"og:site_name\" content=\"Ron Fields Nutrition\" \/>\n<meta property=\"article:modified_time\" content=\"2026-04-01T14:34:55+00:00\" \/>\n<meta property=\"og:image\" content=\"https:\/\/rfnutrition.eu\/wp-content\/uploads\/2026\/03\/elastin-dogs.webp\" \/>\n\t<meta property=\"og:image:width\" content=\"1000\" \/>\n\t<meta property=\"og:image:height\" content=\"1000\" \/>\n\t<meta property=\"og:image:type\" content=\"image\/webp\" \/>\n<meta name=\"twitter:card\" content=\"summary_large_image\" \/>\n<meta name=\"twitter:label1\" content=\"Gesch\u00e4tzte Lesezeit\" \/>\n\t<meta name=\"twitter:data1\" content=\"2\u00a0Minuten\" \/>\n<script type=\"application\/ld+json\" class=\"yoast-schema-graph\">{\"@context\":\"https:\/\/schema.org\",\"@graph\":[{\"@type\":\"WebPage\",\"@id\":\"https:\/\/rfnutrition.eu\/product\/elastin-ayurvedic-joint-dogs\/\",\"url\":\"https:\/\/rfnutrition.eu\/product\/elastin-ayurvedic-joint-dogs\/\",\"name\":\"Elastin \u2013 Joint Supplement for Dogs - Ron Fields Nutrition\",\"isPartOf\":{\"@id\":\"https:\/\/rfnutrition.eu\/#website\"},\"primaryImageOfPage\":{\"@id\":\"https:\/\/rfnutrition.eu\/product\/elastin-ayurvedic-joint-dogs\/#primaryimage\"},\"image\":{\"@id\":\"https:\/\/rfnutrition.eu\/product\/elastin-ayurvedic-joint-dogs\/#primaryimage\"},\"thumbnailUrl\":\"https:\/\/rfnutrition.eu\/wp-content\/uploads\/2026\/03\/elastin-dogs.webp\",\"datePublished\":\"2026-03-09T21:59:21+00:00\",\"dateModified\":\"2026-04-01T14:34:55+00:00\",\"description\":\"Elastin is a natural Ayurvedic joint supplement for dogs. Supports mobility, reduces stiffness, and promotes healthy joints, ligaments, and cartilage.\",\"breadcrumb\":{\"@id\":\"https:\/\/rfnutrition.eu\/product\/elastin-ayurvedic-joint-dogs\/#breadcrumb\"},\"inLanguage\":\"de\",\"potentialAction\":[{\"@type\":\"ReadAction\",\"target\":[\"https:\/\/rfnutrition.eu\/product\/elastin-ayurvedic-joint-dogs\/\"]}]},{\"@type\":\"ImageObject\",\"inLanguage\":\"de\",\"@id\":\"https:\/\/rfnutrition.eu\/product\/elastin-ayurvedic-joint-dogs\/#primaryimage\",\"url\":\"https:\/\/rfnutrition.eu\/wp-content\/uploads\/2026\/03\/elastin-dogs.webp\",\"contentUrl\":\"https:\/\/rfnutrition.eu\/wp-content\/uploads\/2026\/03\/elastin-dogs.webp\",\"width\":1000,\"height\":1000},{\"@type\":\"BreadcrumbList\",\"@id\":\"https:\/\/rfnutrition.eu\/product\/elastin-ayurvedic-joint-dogs\/#breadcrumb\",\"itemListElement\":[{\"@type\":\"ListItem\",\"position\":1,\"name\":\"Startseite\",\"item\":\"https:\/\/rfnutrition.eu\/\"},{\"@type\":\"ListItem\",\"position\":2,\"name\":\"Shop\",\"item\":\"https:\/\/rfnutrition.eu\/shop\/\"},{\"@type\":\"ListItem\",\"position\":3,\"name\":\"Elastin \u2013 Joint Supplement for Dogs\"}]},{\"@type\":\"WebSite\",\"@id\":\"https:\/\/rfnutrition.eu\/#website\",\"url\":\"https:\/\/rfnutrition.eu\/\",\"name\":\"Ron Fields Nutrition\",\"description\":\"supplements for dogs\",\"potentialAction\":[{\"@type\":\"SearchAction\",\"target\":{\"@type\":\"EntryPoint\",\"urlTemplate\":\"https:\/\/rfnutrition.eu\/?s={search_term_string}\"},\"query-input\":{\"@type\":\"PropertyValueSpecification\",\"valueRequired\":true,\"valueName\":\"search_term_string\"}}],\"inLanguage\":\"de\"}]}<\/script>\n<!-- \/ Yoast SEO plugin. -->","yoast_head_json":{"title":"Elastin \u2013 Joint Supplement for Dogs - Ron Fields Nutrition","description":"Elastin is a natural Ayurvedic joint supplement for dogs. Supports mobility, reduces stiffness, and promotes healthy joints, ligaments, and cartilage.","robots":{"index":"noindex","follow":"follow","max-snippet":"max-snippet:-1","max-image-preview":"max-image-preview:large","max-video-preview":"max-video-preview:-1"},"og_locale":"de_DE","og_type":"article","og_title":"Elastin \u2013 Joint Supplement for Dogs - Ron Fields Nutrition","og_description":"Elastin is a natural Ayurvedic joint supplement for dogs. Supports mobility, reduces stiffness, and promotes healthy joints, ligaments, and cartilage.","og_url":"https:\/\/rfnutrition.eu\/de\/produkt\/elastin-ayurvedic-joint-dogs\/","og_site_name":"Ron Fields Nutrition","article_modified_time":"2026-04-01T14:34:55+00:00","og_image":[{"width":1000,"height":1000,"url":"https:\/\/rfnutrition.eu\/wp-content\/uploads\/2026\/03\/elastin-dogs.webp","type":"image\/webp"}],"twitter_card":"summary_large_image","twitter_misc":{"Gesch\u00e4tzte Lesezeit":"2\u00a0Minuten"},"schema":{"@context":"https:\/\/schema.org","@graph":[{"@type":"WebPage","@id":"https:\/\/rfnutrition.eu\/product\/elastin-ayurvedic-joint-dogs\/","url":"https:\/\/rfnutrition.eu\/product\/elastin-ayurvedic-joint-dogs\/","name":"Elastin \u2013 Joint Supplement for Dogs - Ron Fields Nutrition","isPartOf":{"@id":"https:\/\/rfnutrition.eu\/#website"},"primaryImageOfPage":{"@id":"https:\/\/rfnutrition.eu\/product\/elastin-ayurvedic-joint-dogs\/#primaryimage"},"image":{"@id":"https:\/\/rfnutrition.eu\/product\/elastin-ayurvedic-joint-dogs\/#primaryimage"},"thumbnailUrl":"https:\/\/rfnutrition.eu\/wp-content\/uploads\/2026\/03\/elastin-dogs.webp","datePublished":"2026-03-09T21:59:21+00:00","dateModified":"2026-04-01T14:34:55+00:00","description":"Elastin is a natural Ayurvedic joint supplement for dogs. Supports mobility, reduces stiffness, and promotes healthy joints, ligaments, and cartilage.","breadcrumb":{"@id":"https:\/\/rfnutrition.eu\/product\/elastin-ayurvedic-joint-dogs\/#breadcrumb"},"inLanguage":"de","potentialAction":[{"@type":"ReadAction","target":["https:\/\/rfnutrition.eu\/product\/elastin-ayurvedic-joint-dogs\/"]}]},{"@type":"ImageObject","inLanguage":"de","@id":"https:\/\/rfnutrition.eu\/product\/elastin-ayurvedic-joint-dogs\/#primaryimage","url":"https:\/\/rfnutrition.eu\/wp-content\/uploads\/2026\/03\/elastin-dogs.webp","contentUrl":"https:\/\/rfnutrition.eu\/wp-content\/uploads\/2026\/03\/elastin-dogs.webp","width":1000,"height":1000},{"@type":"BreadcrumbList","@id":"https:\/\/rfnutrition.eu\/product\/elastin-ayurvedic-joint-dogs\/#breadcrumb","itemListElement":[{"@type":"ListItem","position":1,"name":"Startseite","item":"https:\/\/rfnutrition.eu\/"},{"@type":"ListItem","position":2,"name":"Shop","item":"https:\/\/rfnutrition.eu\/shop\/"},{"@type":"ListItem","position":3,"name":"Elastin \u2013 Joint Supplement for Dogs"}]},{"@type":"WebSite","@id":"https:\/\/rfnutrition.eu\/#website","url":"https:\/\/rfnutrition.eu\/","name":"Ron Fields Ern\u00e4hrung","description":"Nahrungserg\u00e4nzungsmittel f\u00fcr Hunde","potentialAction":[{"@type":"SearchAction","target":{"@type":"EntryPoint","urlTemplate":"https:\/\/rfnutrition.eu\/?s={search_term_string}"},"query-input":{"@type":"PropertyValueSpecification","valueRequired":true,"valueName":"search_term_string"}}],"inLanguage":"de"}]}},"_links":{"self":[{"href":"https:\/\/rfnutrition.eu\/de\/wp-json\/wp\/v2\/product\/2509","targetHints":{"allow":["GET"]}}],"collection":[{"href":"https:\/\/rfnutrition.eu\/de\/wp-json\/wp\/v2\/product"}],"about":[{"href":"https:\/\/rfnutrition.eu\/de\/wp-json\/wp\/v2\/types\/product"}],"wp:featuredmedia":[{"embeddable":true,"href":"https:\/\/rfnutrition.eu\/de\/wp-json\/wp\/v2\/media\/2965"}],"wp:attachment":[{"href":"https:\/\/rfnutrition.eu\/de\/wp-json\/wp\/v2\/media?parent=2509"}],"wp:term":[{"taxonomy":"product_brand","embeddable":true,"href":"https:\/\/rfnutrition.eu\/de\/wp-json\/wp\/v2\/product_brand?post=2509"},{"taxonomy":"product_cat","embeddable":true,"href":"https:\/\/rfnutrition.eu\/de\/wp-json\/wp\/v2\/product_cat?post=2509"},{"taxonomy":"product_tag","embeddable":true,"href":"https:\/\/rfnutrition.eu\/de\/wp-json\/wp\/v2\/product_tag?post=2509"}],"curies":[{"name":"wp","href":"https:\/\/api.w.org\/{rel}","templated":true}]}}