{"id":2509,"date":"2026-03-09T22:59:21","date_gmt":"2026-03-09T21:59:21","guid":{"rendered":"https:\/\/rfnutrition-dogs.eu\/?post_type=product&#038;p=1979"},"modified":"2026-04-01T16:34:55","modified_gmt":"2026-04-01T14:34:55","slug":"elastin-ayurvedic-joint-dogs","status":"publish","type":"product","link":"https:\/\/rfnutrition.eu\/fr\/produit\/elastin-ayurvedic-joint-dogs\/","title":{"rendered":"Elastin - Suppl\u00e9ment articulaire pour chiens"},"content":{"rendered":"<div class=\"product-description\">\n<h1><b>Elastin - Soutien naturel ayurv\u00e9dique aux articulations et \u00e0 la mobilit\u00e9 pour chiens<\/b><\/h1>\n<p>L'\u00e9lastine est une prime <strong data-start=\"800\" data-end=\"839\">Suppl\u00e9ment ayurv\u00e9dique pour chiens<\/strong>, Les chaussures de sport sont con\u00e7ues pour favoriser la mobilit\u00e9, la sant\u00e9 des articulations et le confort \u00e0 long terme.<\/p>\n<h2>Pourquoi choisir un suppl\u00e9ment ayurv\u00e9dique pour les articulations des chiens ?<\/h2>\n<p><span style=\"font-weight: 400;\">Avec l'\u00e2ge, les raideurs articulaires, l'inflammation et l'inconfort peuvent limiter la mobilit\u00e9 des chiens et affecter leur qualit\u00e9 de vie. Elastin est un compl\u00e9ment id\u00e9al pour la mobilit\u00e9 articulaire des chiens vieillissants. Il s'agit d'une alternative non toxique aux suppl\u00e9ments conventionnels de soins articulaires, qui associe la sagesse ayurv\u00e9dique \u00e0 la science moderne.<\/span><\/p>\n<h3><b>Le soutien naturel des articulations pour les chiens agit de la mani\u00e8re suivante :<\/b><\/h3>\n<ul>\n<li style=\"font-weight: 400;\"><span style=\"font-weight: 400;\">R\u00e9duire l'inflammation des articulations, des ligaments et des tissus conjonctifs<\/span><\/li>\n<li style=\"font-weight: 400;\"><span style=\"font-weight: 400;\">Favoriser la sant\u00e9 du cartilage et ralentir la d\u00e9g\u00e9n\u00e9rescence<\/span><\/li>\n<li style=\"font-weight: 400;\"><span style=\"font-weight: 400;\">Am\u00e9lioration de la flexibilit\u00e9 et de la mobilit\u00e9 pour un mouvement actif et confortable<\/span><\/li>\n<li style=\"font-weight: 400;\"><span style=\"font-weight: 400;\">Soulager la raideur et l'inconfort des chiens \u00e2g\u00e9s<\/span><\/li>\n<li style=\"font-weight: 400;\"><span style=\"font-weight: 400;\">Renforcement de l'immunit\u00e9 et de la r\u00e9sistance, pour aider les chiens \u00e0 rester \u00e9nergiques et en bonne sant\u00e9<\/span><\/li>\n<\/ul>\n<h2><b>Les plantes ayurv\u00e9diques cl\u00e9s de l'\u00e9lastine<\/b><\/h2>\n<p><b>Vitex negundo <\/b><span style=\"font-weight: 400;\">- Connu pour ses propri\u00e9t\u00e9s anti-inflammatoires, il favorise la sant\u00e9 des articulations et des ligaments.<\/span><\/p>\n<p><b>Curcuma longa (curcuma)<\/b><span style=\"font-weight: 400;\"> - Puissant anti-inflammatoire, r\u00e9duit les douleurs et les raideurs articulaires.<\/span><\/p>\n<p><b>Withania somnifera (Ashwagandha)<\/b><span style=\"font-weight: 400;\"> - Adaptog\u00e8ne qui r\u00e9duit le stress et soutient la force.<\/span><\/p>\n<p><b>Boswellia serrata (encens indien)<\/b><span style=\"font-weight: 400;\"> - Favorise la sant\u00e9 du cartilage et r\u00e9duit l'inflammation.<\/span><\/p>\n<p><b>Zingiber officinale (racine de gingembre) <\/b><span style=\"font-weight: 400;\">- Am\u00e9liore la circulation, la digestion et le confort des articulations.<\/span><\/p>\n<p><b>Glycyrrhiza glabra (racine de r\u00e9glisse)<\/b><span style=\"font-weight: 400;\"> - Anti-inflammatoire et apaisant pour les tissus.<\/span><\/p>\n<p><b>Tinospora cordifolia (Guduchi)<\/b><span style=\"font-weight: 400;\"> - Renforce l'immunit\u00e9 et favorise la r\u00e9silience.<\/span><\/p>\n<p><b>Phyllanthus emblica (Amla)<\/b><span style=\"font-weight: 400;\"> - Riche en vitamine C et en antioxydants, il favorise la r\u00e9paration des tissus.<\/span><\/p>\n<p><b>Trigonella foenum-graecum (Fenugrec)<\/b><span style=\"font-weight: 400;\"> - Favorise la souplesse des articulations et l'\u00e9quilibre du m\u00e9tabolisme.<\/span><\/p>\n<h2><b>Les bienfaits de l'\u00e9lastine<\/b><\/h2>\n<ul>\n<li style=\"font-weight: 400;\"><span style=\"font-weight: 400;\">Soulagement naturel de la raideur et de l'inconfort des articulations<\/span><\/li>\n<li style=\"font-weight: 400;\"><span style=\"font-weight: 400;\">Favorise la sant\u00e9 des articulations, du cartilage et des ligaments<\/span><\/li>\n<li style=\"font-weight: 400;\"><span style=\"font-weight: 400;\">Am\u00e9liore la mobilit\u00e9, la flexibilit\u00e9 et le confort<\/span><\/li>\n<li style=\"font-weight: 400;\"><span style=\"font-weight: 400;\">Favorise un mode de vie actif chez les chiens de tous \u00e2ges<\/span><\/li>\n<li>Soutien naturel des articulations pour les chiens<\/li>\n<li style=\"font-weight: 400;\"><span style=\"font-weight: 400;\">Am\u00e9liore la qualit\u00e9 de vie des chiens \u00e2g\u00e9s<\/span><\/li>\n<li style=\"font-weight: 400;\"><span style=\"font-weight: 400;\">100% suppl\u00e9ment ayurv\u00e9dique naturel - sans agent de remplissage, sans conservateur<\/span><\/li>\n<\/ul>\n<p><b>Elastin<\/b><span style=\"font-weight: 400;\"> est id\u00e9al pour les chiens souffrant de raideur, de mobilit\u00e9 r\u00e9duite ou d'inconfort articulaire li\u00e9 \u00e0 l'\u00e2ge. Qu'il soit jeune, actif ou \u00e2g\u00e9, votre chien peut b\u00e9n\u00e9ficier de ce soutien articulaire naturel ayurv\u00e9dique pour conserver confort, souplesse et vitalit\u00e9 tout au long de sa vie.<\/span><\/p>\n<p><strong>Vous souhaitez en savoir plus sur les plantes ayurv\u00e9diques utilis\u00e9es dans nos compl\u00e9ments ?<\/strong> Lire notre <a class=\"decorated-link cursor-pointer\" href=\"https:\/\/rfnutrition.eu\/fr\/the-best-ayurvedic-herbs-for-dogs-complete-guide\/?v=3e7e122bf08f\" rel=\"noopener\" data-start=\"518\" data-end=\"577\"><strong data-start=\"519\" data-end=\"565\">Guide complet des plantes ayurv\u00e9diques pour chiens<\/strong><\/a> pour un aper\u00e7u complet de leurs avantages.<\/p>\n<p class=\"p1\"><b>En savoir plus sur notre philosophie et sur les raisons pour lesquelles les propri\u00e9taires d'animaux de compagnie du monde entier nous font confiance<\/b>: <a href=\"https:\/\/rfnutrition.eu\/fr\/ayurveda-and-dogs-why-choose-ron-fields-nutrition-supplements\/?v=3e7e122bf08f\"><strong>Ayurveda et chiens : Pourquoi choisir les compl\u00e9ments alimentaires Ron Fields ?<\/strong><\/a><\/p>\n<\/div>","protected":false},"excerpt":{"rendered":"<p>Elastin est un suppl\u00e9ment ayurv\u00e9dique naturel de soutien aux articulations pour les chiens. R\u00e9duit la rigidit\u00e9, soutient le cartilage, am\u00e9liore la mobilit\u00e9 et la qualit\u00e9 de vie.<\/p>","protected":false},"featured_media":2965,"template":"","meta":{"_acf_changed":false,"bwfblock_default_font":""},"product_brand":[121],"product_cat":[140],"product_tag":[128,129,127],"class_list":{"0":"post-2509","1":"product","2":"type-product","3":"status-publish","4":"has-post-thumbnail","6":"product_brand-dogs","7":"product_cat-dogs","8":"product_tag-amla-phyllanthus-emblica","9":"product_tag-ginger-zingiber-officinale","10":"product_tag-tinospora-cordifolia","11":"_wholesalex wsx-wholesalex-product","13":"first","14":"instock","15":"taxable","16":"shipping-taxable","17":"purchasable","18":"product-type-simple"},"acf":[],"yoast_head":"<!-- This site is optimized with the Yoast SEO plugin v27.1.1 - https:\/\/yoast.com\/product\/yoast-seo-wordpress\/ -->\n<title>Elastin \u2013 Joint Supplement for Dogs - Ron Fields Nutrition<\/title>\n<meta name=\"description\" content=\"Elastin is a natural Ayurvedic joint supplement for dogs. Supports mobility, reduces stiffness, and promotes healthy joints, ligaments, and cartilage.\" \/>\n<meta name=\"robots\" content=\"noindex, follow, max-snippet:-1, max-image-preview:large, max-video-preview:-1\" \/>\n<meta property=\"og:locale\" content=\"fr_FR\" \/>\n<meta property=\"og:type\" content=\"article\" \/>\n<meta property=\"og:title\" content=\"Elastin \u2013 Joint Supplement for Dogs - Ron Fields Nutrition\" \/>\n<meta property=\"og:description\" content=\"Elastin is a natural Ayurvedic joint supplement for dogs. Supports mobility, reduces stiffness, and promotes healthy joints, ligaments, and cartilage.\" \/>\n<meta property=\"og:url\" content=\"https:\/\/rfnutrition.eu\/fr\/produit\/elastin-ayurvedic-joint-dogs\/\" \/>\n<meta property=\"og:site_name\" content=\"Ron Fields Nutrition\" \/>\n<meta property=\"article:modified_time\" content=\"2026-04-01T14:34:55+00:00\" \/>\n<meta property=\"og:image\" content=\"https:\/\/rfnutrition.eu\/wp-content\/uploads\/2026\/03\/elastin-dogs.webp\" \/>\n\t<meta property=\"og:image:width\" content=\"1000\" \/>\n\t<meta property=\"og:image:height\" content=\"1000\" \/>\n\t<meta property=\"og:image:type\" content=\"image\/webp\" \/>\n<meta name=\"twitter:card\" content=\"summary_large_image\" \/>\n<meta name=\"twitter:label1\" content=\"Dur\u00e9e de lecture estim\u00e9e\" \/>\n\t<meta name=\"twitter:data1\" content=\"2 minutes\" \/>\n<script type=\"application\/ld+json\" class=\"yoast-schema-graph\">{\"@context\":\"https:\/\/schema.org\",\"@graph\":[{\"@type\":\"WebPage\",\"@id\":\"https:\/\/rfnutrition.eu\/product\/elastin-ayurvedic-joint-dogs\/\",\"url\":\"https:\/\/rfnutrition.eu\/product\/elastin-ayurvedic-joint-dogs\/\",\"name\":\"Elastin \u2013 Joint Supplement for Dogs - Ron Fields Nutrition\",\"isPartOf\":{\"@id\":\"https:\/\/rfnutrition.eu\/#website\"},\"primaryImageOfPage\":{\"@id\":\"https:\/\/rfnutrition.eu\/product\/elastin-ayurvedic-joint-dogs\/#primaryimage\"},\"image\":{\"@id\":\"https:\/\/rfnutrition.eu\/product\/elastin-ayurvedic-joint-dogs\/#primaryimage\"},\"thumbnailUrl\":\"https:\/\/rfnutrition.eu\/wp-content\/uploads\/2026\/03\/elastin-dogs.webp\",\"datePublished\":\"2026-03-09T21:59:21+00:00\",\"dateModified\":\"2026-04-01T14:34:55+00:00\",\"description\":\"Elastin is a natural Ayurvedic joint supplement for dogs. Supports mobility, reduces stiffness, and promotes healthy joints, ligaments, and cartilage.\",\"breadcrumb\":{\"@id\":\"https:\/\/rfnutrition.eu\/product\/elastin-ayurvedic-joint-dogs\/#breadcrumb\"},\"inLanguage\":\"fr-FR\",\"potentialAction\":[{\"@type\":\"ReadAction\",\"target\":[\"https:\/\/rfnutrition.eu\/product\/elastin-ayurvedic-joint-dogs\/\"]}]},{\"@type\":\"ImageObject\",\"inLanguage\":\"fr-FR\",\"@id\":\"https:\/\/rfnutrition.eu\/product\/elastin-ayurvedic-joint-dogs\/#primaryimage\",\"url\":\"https:\/\/rfnutrition.eu\/wp-content\/uploads\/2026\/03\/elastin-dogs.webp\",\"contentUrl\":\"https:\/\/rfnutrition.eu\/wp-content\/uploads\/2026\/03\/elastin-dogs.webp\",\"width\":1000,\"height\":1000},{\"@type\":\"BreadcrumbList\",\"@id\":\"https:\/\/rfnutrition.eu\/product\/elastin-ayurvedic-joint-dogs\/#breadcrumb\",\"itemListElement\":[{\"@type\":\"ListItem\",\"position\":1,\"name\":\"Startseite\",\"item\":\"https:\/\/rfnutrition.eu\/\"},{\"@type\":\"ListItem\",\"position\":2,\"name\":\"Shop\",\"item\":\"https:\/\/rfnutrition.eu\/shop\/\"},{\"@type\":\"ListItem\",\"position\":3,\"name\":\"Elastin \u2013 Joint Supplement for Dogs\"}]},{\"@type\":\"WebSite\",\"@id\":\"https:\/\/rfnutrition.eu\/#website\",\"url\":\"https:\/\/rfnutrition.eu\/\",\"name\":\"Ron Fields Nutrition\",\"description\":\"supplements for dogs\",\"potentialAction\":[{\"@type\":\"SearchAction\",\"target\":{\"@type\":\"EntryPoint\",\"urlTemplate\":\"https:\/\/rfnutrition.eu\/?s={search_term_string}\"},\"query-input\":{\"@type\":\"PropertyValueSpecification\",\"valueRequired\":true,\"valueName\":\"search_term_string\"}}],\"inLanguage\":\"fr-FR\"}]}<\/script>\n<!-- \/ Yoast SEO plugin. -->","yoast_head_json":{"title":"Elastin \u2013 Joint Supplement for Dogs - Ron Fields Nutrition","description":"Elastin is a natural Ayurvedic joint supplement for dogs. Supports mobility, reduces stiffness, and promotes healthy joints, ligaments, and cartilage.","robots":{"index":"noindex","follow":"follow","max-snippet":"max-snippet:-1","max-image-preview":"max-image-preview:large","max-video-preview":"max-video-preview:-1"},"og_locale":"fr_FR","og_type":"article","og_title":"Elastin \u2013 Joint Supplement for Dogs - Ron Fields Nutrition","og_description":"Elastin is a natural Ayurvedic joint supplement for dogs. Supports mobility, reduces stiffness, and promotes healthy joints, ligaments, and cartilage.","og_url":"https:\/\/rfnutrition.eu\/fr\/produit\/elastin-ayurvedic-joint-dogs\/","og_site_name":"Ron Fields Nutrition","article_modified_time":"2026-04-01T14:34:55+00:00","og_image":[{"width":1000,"height":1000,"url":"https:\/\/rfnutrition.eu\/wp-content\/uploads\/2026\/03\/elastin-dogs.webp","type":"image\/webp"}],"twitter_card":"summary_large_image","twitter_misc":{"Dur\u00e9e de lecture estim\u00e9e":"2 minutes"},"schema":{"@context":"https:\/\/schema.org","@graph":[{"@type":"WebPage","@id":"https:\/\/rfnutrition.eu\/product\/elastin-ayurvedic-joint-dogs\/","url":"https:\/\/rfnutrition.eu\/product\/elastin-ayurvedic-joint-dogs\/","name":"Elastin \u2013 Joint Supplement for Dogs - Ron Fields Nutrition","isPartOf":{"@id":"https:\/\/rfnutrition.eu\/#website"},"primaryImageOfPage":{"@id":"https:\/\/rfnutrition.eu\/product\/elastin-ayurvedic-joint-dogs\/#primaryimage"},"image":{"@id":"https:\/\/rfnutrition.eu\/product\/elastin-ayurvedic-joint-dogs\/#primaryimage"},"thumbnailUrl":"https:\/\/rfnutrition.eu\/wp-content\/uploads\/2026\/03\/elastin-dogs.webp","datePublished":"2026-03-09T21:59:21+00:00","dateModified":"2026-04-01T14:34:55+00:00","description":"Elastin is a natural Ayurvedic joint supplement for dogs. Supports mobility, reduces stiffness, and promotes healthy joints, ligaments, and cartilage.","breadcrumb":{"@id":"https:\/\/rfnutrition.eu\/product\/elastin-ayurvedic-joint-dogs\/#breadcrumb"},"inLanguage":"fr-FR","potentialAction":[{"@type":"ReadAction","target":["https:\/\/rfnutrition.eu\/product\/elastin-ayurvedic-joint-dogs\/"]}]},{"@type":"ImageObject","inLanguage":"fr-FR","@id":"https:\/\/rfnutrition.eu\/product\/elastin-ayurvedic-joint-dogs\/#primaryimage","url":"https:\/\/rfnutrition.eu\/wp-content\/uploads\/2026\/03\/elastin-dogs.webp","contentUrl":"https:\/\/rfnutrition.eu\/wp-content\/uploads\/2026\/03\/elastin-dogs.webp","width":1000,"height":1000},{"@type":"BreadcrumbList","@id":"https:\/\/rfnutrition.eu\/product\/elastin-ayurvedic-joint-dogs\/#breadcrumb","itemListElement":[{"@type":"ListItem","position":1,"name":"Startseite","item":"https:\/\/rfnutrition.eu\/"},{"@type":"ListItem","position":2,"name":"Shop","item":"https:\/\/rfnutrition.eu\/shop\/"},{"@type":"ListItem","position":3,"name":"Elastin \u2013 Joint Supplement for Dogs"}]},{"@type":"WebSite","@id":"https:\/\/rfnutrition.eu\/#website","url":"https:\/\/rfnutrition.eu\/","name":"les compl\u00e9ments","description":"suppl\u00e9ments pour chiens","potentialAction":[{"@type":"SearchAction","target":{"@type":"EntryPoint","urlTemplate":"https:\/\/rfnutrition.eu\/?s={search_term_string}"},"query-input":{"@type":"PropertyValueSpecification","valueRequired":true,"valueName":"search_term_string"}}],"inLanguage":"fr-FR"}]}},"_links":{"self":[{"href":"https:\/\/rfnutrition.eu\/fr\/wp-json\/wp\/v2\/product\/2509","targetHints":{"allow":["GET"]}}],"collection":[{"href":"https:\/\/rfnutrition.eu\/fr\/wp-json\/wp\/v2\/product"}],"about":[{"href":"https:\/\/rfnutrition.eu\/fr\/wp-json\/wp\/v2\/types\/product"}],"wp:featuredmedia":[{"embeddable":true,"href":"https:\/\/rfnutrition.eu\/fr\/wp-json\/wp\/v2\/media\/2965"}],"wp:attachment":[{"href":"https:\/\/rfnutrition.eu\/fr\/wp-json\/wp\/v2\/media?parent=2509"}],"wp:term":[{"taxonomy":"product_brand","embeddable":true,"href":"https:\/\/rfnutrition.eu\/fr\/wp-json\/wp\/v2\/product_brand?post=2509"},{"taxonomy":"product_cat","embeddable":true,"href":"https:\/\/rfnutrition.eu\/fr\/wp-json\/wp\/v2\/product_cat?post=2509"},{"taxonomy":"product_tag","embeddable":true,"href":"https:\/\/rfnutrition.eu\/fr\/wp-json\/wp\/v2\/product_tag?post=2509"}],"curies":[{"name":"wp","href":"https:\/\/api.w.org\/{rel}","templated":true}]}}